{"id":33,"date":"2020-01-06T05:06:06","date_gmt":"2020-01-06T05:06:06","guid":{"rendered":"http:\/\/spacious-free-company-demo.qsandbox.com\/?page_id=33"},"modified":"2025-04-07T14:31:58","modified_gmt":"2025-04-07T17:31:58","slug":"consulado-aire","status":"publish","type":"page","link":"https:\/\/cartorioitaliano.it\/br\/consulado-aire\/","title":{"rendered":"Consulado AIRE"},"content":{"rendered":"\t\t<div data-elementor-type=\"wp-post\" data-elementor-id=\"33\" class=\"elementor elementor-33\" data-elementor-post-type=\"page\">\n\t\t\t\t\t\t<section data-particle_enable=\"false\" data-particle-mobile-disabled=\"false\" class=\"elementor-section elementor-top-section elementor-element elementor-element-14b50aa7 elementor-section-boxed elementor-section-height-default elementor-section-height-default\" data-id=\"14b50aa7\" data-element_type=\"section\" data-e-type=\"section\">\n\t\t\t\t\t\t<div class=\"elementor-container elementor-column-gap-default\">\n\t\t\t\t\t<div class=\"elementor-column elementor-col-100 elementor-top-column elementor-element elementor-element-2f293853\" data-id=\"2f293853\" data-element_type=\"column\" data-e-type=\"column\">\n\t\t\t<div class=\"elementor-widget-wrap elementor-element-populated\">\n\t\t\t\t\t\t<div class=\"elementor-element elementor-element-6b43d329 elementor-widget elementor-widget-heading\" data-id=\"6b43d329\" data-element_type=\"widget\" data-e-type=\"widget\" data-widget_type=\"heading.default\">\n\t\t\t\t<div class=\"elementor-widget-container\">\n\t\t\t\t\t<h1 class=\"elementor-heading-title elementor-size-default\">Cadastro no Consulado da It\u00e1lia - AIRE<\/h1>\t\t\t\t<\/div>\n\t\t\t\t<\/div>\n\t\t\t\t\t<\/div>\n\t\t<\/div>\n\t\t\t\t\t<\/div>\n\t\t<\/section>\n\t\t\t\t<section data-particle_enable=\"false\" data-particle-mobile-disabled=\"false\" class=\"elementor-section elementor-top-section elementor-element elementor-element-0e81997 elementor-section-boxed elementor-section-height-default elementor-section-height-default\" data-id=\"0e81997\" data-element_type=\"section\" data-e-type=\"section\">\n\t\t\t\t\t\t<div class=\"elementor-container elementor-column-gap-default\">\n\t\t\t\t\t<div class=\"elementor-column elementor-col-100 elementor-top-column elementor-element elementor-element-4c7b912\" data-id=\"4c7b912\" data-element_type=\"column\" data-e-type=\"column\">\n\t\t\t<div class=\"elementor-widget-wrap elementor-element-populated\">\n\t\t\t\t\t\t<div class=\"elementor-element elementor-element-7eb68ed elementor-widget elementor-widget-heading\" data-id=\"7eb68ed\" data-element_type=\"widget\" data-e-type=\"widget\" data-widget_type=\"heading.default\">\n\t\t\t\t<div class=\"elementor-widget-container\">\n\t\t\t\t\t<h2 class=\"elementor-heading-title elementor-size-default\">Decreto italiano de 28\/03\/2025<\/h2>\t\t\t\t<\/div>\n\t\t\t\t<\/div>\n\t\t\t\t<section data-particle_enable=\"false\" data-particle-mobile-disabled=\"false\" class=\"elementor-section elementor-inner-section elementor-element elementor-element-1fd79d6 elementor-section-boxed elementor-section-height-default elementor-section-height-default\" data-id=\"1fd79d6\" data-element_type=\"section\" data-e-type=\"section\">\n\t\t\t\t\t\t<div class=\"elementor-container elementor-column-gap-default\">\n\t\t\t\t\t<div class=\"elementor-column elementor-col-50 elementor-inner-column elementor-element elementor-element-c1d13fd\" data-id=\"c1d13fd\" data-element_type=\"column\" data-e-type=\"column\">\n\t\t\t<div class=\"elementor-widget-wrap elementor-element-populated\">\n\t\t\t\t\t\t<div class=\"elementor-element elementor-element-a6d64f4 elementor-widget elementor-widget-text-editor\" data-id=\"a6d64f4\" data-element_type=\"widget\" data-e-type=\"widget\" data-widget_type=\"text-editor.default\">\n\t\t\t\t<div class=\"elementor-widget-container\">\n\t\t\t\t\t\t\t\t\t<p>O Ministro do exterior Italiano, em 28\/03\/2025, fez um comunicado informando um decreto que impacta diretamente o pedido da cidadania italiana para Bisnetos, trisnetos e tataranetos de Italianos. VIDEO AO LADO.\u00a0<\/p><p>Apesar deste Decreto ser considerado Inconstitucional, o Ministro deixa claro a vontade de seguir com o plano de regulamenta\u00e7\u00e3o, e exigir a atualiza\u00e7\u00e3o do cadastro no consulado.<\/p><p>No mesmo video que ele explica o Decreto, no minuto 07:05, ele fala que ser\u00e1 cobrado das PESSOAS COM A CIDADADANIA a atualiza\u00e7\u00e3o dos dados no Consulado, e que elas tenham votado ou que tenha emitido algum documento italiano, sob pena de perda da Cidadania Italiana.<\/p><p>Sabemos que o governo italiano quer mudan\u00e7as e temos que fazer nossa parte para n\u00e3o sermos pegos por falta de informa\u00e7\u00e3o.\u00a0<\/p>\t\t\t\t\t\t\t\t<\/div>\n\t\t\t\t<\/div>\n\t\t\t\t<div class=\"elementor-element elementor-element-55b230d elementor-widget elementor-widget-text-editor\" data-id=\"55b230d\" data-element_type=\"widget\" data-e-type=\"widget\" data-widget_type=\"text-editor.default\">\n\t\t\t\t<div class=\"elementor-widget-container\">\n\t\t\t\t\t\t\t\t\t<p>Quando \u00e9 feito o pedido da cidadania, a \u00fanica exig\u00eancia do Governo Italiano \u00e9 que os dados do estado civil sejam atualizados assim que houver a altera\u00e7\u00e3o.<\/p>\n<p>Os dados que devem estar sempre atualizados s\u00e3o:<\/p>\n<ul>\n<li>Endere\u00e7o<\/li>\n<li>Estado Civil &#8211; Casamento e Div\u00f3rcio<\/li>\n<li>Nascimento de Filho<\/li>\n<li>\u00d3bito de familiares<\/li>\n<\/ul>\n<p>Com a aprova\u00e7\u00e3o do Decreto que permite apenas o pedido da cidadania Italiana para Fihos e Netos de Italianos, ficou bem claro que o pr\u00f3ximo passo ser\u00e1 cancelar a cidadania de quem tem a cidadania Italiana e n\u00e3o est\u00e1 de acordo com a REGRA de manter seu cadastro atualizado.<\/p>\n<p>Este cadastro tem o nome de AIRE, que traduzido para o portugu\u00eas seria Cadastro dos Italianos que vivem Fora da It\u00e1lia, e ele \u00e9 feito no site do consulado.<\/p>\n<p>Temos como fazer o cadastro e manter ele atualizado para voc\u00ea.<\/p>\n<p>Caso voc\u00ea ainda n\u00e3o tenha informado ao consulado sobre seu o Casamento, Div\u00f3rcio ou Nascimento de Filhos, oficializaremos estes fatos e assim voc\u00ea poder\u00e1 renovar o seu passaporte.<\/p>\n<p><span style=\"font-family: Lato, sans-serif; font-size: 16px;\">A It\u00e1lia oferece um grande benef\u00edcio que \u00e9 a seguran\u00e7a de voc\u00ea, em caso de oportunidade ou necessidade, poder residir na Europa, e exige apenas que voc\u00ea mantenha seus dados sempre atualizados.&nbsp;<\/span><\/p>\n<p>Nossa equipe far\u00e1 tudo, n\u00e3o precisa se preocupar!<\/p>\t\t\t\t\t\t\t\t<\/div>\n\t\t\t\t<\/div>\n\t\t\t\t\t<\/div>\n\t\t<\/div>\n\t\t\t\t<div class=\"elementor-column elementor-col-50 elementor-inner-column elementor-element elementor-element-fd39324\" data-id=\"fd39324\" data-element_type=\"column\" data-e-type=\"column\">\n\t\t\t<div class=\"elementor-widget-wrap elementor-element-populated\">\n\t\t\t\t\t\t<div class=\"elementor-element elementor-element-7b970a4 elementor-widget elementor-widget-video\" data-id=\"7b970a4\" data-element_type=\"widget\" data-e-type=\"widget\" data-settings=\"{&quot;youtube_url&quot;:&quot;https:\\\/\\\/youtu.be\\\/Xxfo04CGZHo?si=mM8vxblp5_piljCJ&quot;,&quot;start&quot;:425,&quot;video_type&quot;:&quot;youtube&quot;,&quot;controls&quot;:&quot;yes&quot;}\" data-widget_type=\"video.default\">\n\t\t\t\t<div class=\"elementor-widget-container\">\n\t\t\t\t\t\t\t<div class=\"elementor-wrapper elementor-open-inline\">\n\t\t\t<div class=\"elementor-video\"><\/div>\t\t<\/div>\n\t\t\t\t\t\t<\/div>\n\t\t\t\t<\/div>\n\t\t\t\t<div class=\"elementor-element elementor-element-dbadc72 elementor-widget elementor-widget-text-editor\" data-id=\"dbadc72\" data-element_type=\"widget\" data-e-type=\"widget\" data-widget_type=\"text-editor.default\">\n\t\t\t\t<div class=\"elementor-widget-container\">\n\t\t\t\t\t\t\t\t\t<h2><strong>Pre\u00e7os e Prazos<\/strong><\/h2><p>O procedimento de atualiza\u00e7\u00e3o do AIRE \u00e9 r\u00e1pido, nossa equipe faz tudo em poucos dias, no entanto esta altera\u00e7\u00e3o chega no Consulado e o mesmo envia para a comune Italiana, o que leva em torno de 6 meses para finalizar o processo.<\/p><ul><li>Honor\u00e1rios para Atualiza\u00e7\u00e3o do AIRE R$ 600,00<\/li><li>Custo para a Inclus\u00e3o das certid\u00f5es como Casamento ou Nascimento de filhos R$ 840,00 por certid\u00e3o, j\u00e1 considerando a emiss\u00e3o, tradu\u00e7\u00e3o e apostilamento da certid\u00e3o<\/li><li>Custo para agendamento da emiss\u00e3o do passaporte no Consulado &#8211; consultar pois cada consulado tem um custo.<\/li><li>O custo para a atualiza\u00e7\u00e3o do Div\u00f3rcio \u00e9 formado pela quantidade de p\u00e1ginas do documento, favor entrar em contato<\/li><\/ul><h4><strong>O pagamento pode ser parcelado em at\u00e9 8x no cart\u00e3o.<\/strong><\/h4><p>com parcela m\u00ednima de R$ 300,00<\/p>\t\t\t\t\t\t\t\t<\/div>\n\t\t\t\t<\/div>\n\t\t\t\t<div class=\"elementor-element elementor-element-6cb6f90 elementor-button-success elementor-widget elementor-widget-button\" data-id=\"6cb6f90\" data-element_type=\"widget\" data-e-type=\"widget\" data-widget_type=\"button.default\">\n\t\t\t\t<div class=\"elementor-widget-container\">\n\t\t\t\t\t\t\t\t\t<div class=\"elementor-button-wrapper\">\n\t\t\t\t\t<a class=\"elementor-button elementor-button-link elementor-size-sm\" href=\"https:\/\/api.whatsapp.com\/send\/?phone=5511982125281&#038;text=Ol%C3%A1%21+Gostaria+de+solicitar+informa\u00e7\u00f5es+sobre+AIRE.&#038;type=phone_number&#038;app_absent=0\" target=\"_blank\" rel=\"noopener\">\n\t\t\t\t\t\t<span class=\"elementor-button-content-wrapper\">\n\t\t\t\t\t\t\t\t\t<span class=\"elementor-button-text\">Entre em contato atr\u00e1ves do WhatsApp<\/span>\n\t\t\t\t\t<\/span>\n\t\t\t\t\t<\/a>\n\t\t\t\t<\/div>\n\t\t\t\t\t\t\t\t<\/div>\n\t\t\t\t<\/div>\n\t\t\t\t\t<\/div>\n\t\t<\/div>\n\t\t\t\t\t<\/div>\n\t\t<\/section>\n\t\t\t\t<div class=\"elementor-element elementor-element-21d688e elementor-widget elementor-widget-heading\" data-id=\"21d688e\" data-element_type=\"widget\" data-e-type=\"widget\" data-widget_type=\"heading.default\">\n\t\t\t\t<div class=\"elementor-widget-container\">\n\t\t\t\t\t<h2 class=\"elementor-heading-title elementor-size-default\">Fa\u00e7a j\u00e1 o seu pedido<\/h2>\t\t\t\t<\/div>\n\t\t\t\t<\/div>\n\t\t\t\t<div class=\"elementor-element elementor-element-84eec09 elementor-widget elementor-widget-text-editor\" data-id=\"84eec09\" data-element_type=\"widget\" data-e-type=\"widget\" data-widget_type=\"text-editor.default\">\n\t\t\t\t<div class=\"elementor-widget-container\">\n\t\t\t\t\t\t\t\t\t<p>Preenchendo os dados abaixo, nossa equipe vai analisar seu caso e entrar em contato por e-mail, explicando os pr\u00f3ximos passos para finalizarmos sua atualiza\u00e7\u00e3o no AIRE.<\/p>\t\t\t\t\t\t\t\t<\/div>\n\t\t\t\t<\/div>\n\t\t\t\t<div class=\"elementor-element elementor-element-baab10b elementor-widget elementor-widget-wpforms\" data-id=\"baab10b\" data-element_type=\"widget\" data-e-type=\"widget\" data-widget_type=\"wpforms.default\">\n\t\t\t\t<div class=\"elementor-widget-container\">\n\t\t\t\t\t<div class=\"wpforms-container wpforms-container-full\" id=\"wpforms-1938\"><form id=\"wpforms-form-1938\" class=\"wpforms-validate wpforms-form wpforms-ajax-form\" data-formid=\"1938\" method=\"post\" enctype=\"multipart\/form-data\" action=\"\/br\/wp-json\/wp\/v2\/pages\/33?wpforms_form_id=1938\" data-token=\"4443cfa1996fdb2fe7536fd1abf2b859\" data-token-time=\"1776406985\"><noscript class=\"wpforms-error-noscript\">Ative o JavaScript no seu navegador para preencher este formul\u00e1rio.<\/noscript><div class=\"wpforms-field-container\"><div id=\"wpforms-1938-field_2-container\" class=\"wpforms-field wpforms-field-name\" data-field-id=\"2\"><label class=\"wpforms-field-label\" for=\"wpforms-1938-field_2\">Nome <span class=\"wpforms-required-label\">*<\/span><\/label><div class=\"wpforms-field-row wpforms-field-medium\"><div class=\"wpforms-field-row-block wpforms-first wpforms-one-half\"><input type=\"text\" id=\"wpforms-1938-field_2\" class=\"wpforms-field-name-first wpforms-field-required\" name=\"wpforms[fields][2][first]\" required><label for=\"wpforms-1938-field_2\" class=\"wpforms-field-sublabel after\">Nome<\/label><\/div><div class=\"wpforms-field-row-block wpforms-one-half\"><input type=\"text\" id=\"wpforms-1938-field_2-last\" class=\"wpforms-field-name-last wpforms-field-required\" name=\"wpforms[fields][2][last]\" required><label for=\"wpforms-1938-field_2-last\" class=\"wpforms-field-sublabel after\">Sobrenome<\/label><\/div><\/div><\/div><div id=\"wpforms-1938-field_6-container\" class=\"wpforms-field wpforms-field-radio\" data-field-id=\"6\"><label class=\"wpforms-field-label\" for=\"wpforms-1938-field_6\">Estado Civil <span class=\"wpforms-required-label\">*<\/span><\/label><ul id=\"wpforms-1938-field_6\" class=\"wpforms-field-required\"><li class=\"choice-4 depth-1\"><input type=\"radio\" id=\"wpforms-1938-field_6_4\" name=\"wpforms[fields][6]\" value=\"Solteiro\" required ><label class=\"wpforms-field-label-inline\" for=\"wpforms-1938-field_6_4\">Solteiro<\/label><\/li><li class=\"choice-1 depth-1\"><input type=\"radio\" id=\"wpforms-1938-field_6_1\" name=\"wpforms[fields][6]\" value=\"Casado\" required ><label class=\"wpforms-field-label-inline\" for=\"wpforms-1938-field_6_1\">Casado<\/label><\/li><li class=\"choice-2 depth-1\"><input type=\"radio\" id=\"wpforms-1938-field_6_2\" name=\"wpforms[fields][6]\" value=\"Divorciado\" required ><label class=\"wpforms-field-label-inline\" for=\"wpforms-1938-field_6_2\">Divorciado<\/label><\/li><li class=\"choice-3 depth-1\"><input type=\"radio\" id=\"wpforms-1938-field_6_3\" name=\"wpforms[fields][6]\" value=\"Viuvo (a)\" required ><label class=\"wpforms-field-label-inline\" for=\"wpforms-1938-field_6_3\">Viuvo (a)<\/label><\/li><\/ul><\/div><div id=\"wpforms-1938-field_3-container\" class=\"wpforms-field wpforms-field-phone\" data-field-id=\"3\"><label class=\"wpforms-field-label\" for=\"wpforms-1938-field_3\">Whatsapp <span class=\"wpforms-required-label\">*<\/span><\/label><input type=\"tel\" id=\"wpforms-1938-field_3\" class=\"wpforms-field-medium wpforms-field-required wpforms-smart-phone-field\" data-rule-smart-phone-field=\"true\" name=\"wpforms[fields][3]\" aria-label=\"Whatsapp\" required><\/div><div id=\"wpforms-1938-field_4-container\" class=\"wpforms-field wpforms-field-email\" data-field-id=\"4\"><label class=\"wpforms-field-label\" for=\"wpforms-1938-field_4\">E-mail <span class=\"wpforms-required-label\">*<\/span><\/label><input type=\"email\" id=\"wpforms-1938-field_4\" class=\"wpforms-field-medium wpforms-field-required\" name=\"wpforms[fields][4]\" spellcheck=\"false\" required><\/div><div id=\"wpforms-1938-field_12-container\" class=\"wpforms-field wpforms-field-checkbox\" data-field-id=\"12\"><label class=\"wpforms-field-label\" for=\"wpforms-1938-field_12\">Houve alguma atualiza\u00e7\u00e3o do seu Estado Civil desde a \u00faltima vez que foram atualizados os seus dados no Consulado <span class=\"wpforms-required-label\">*<\/span><\/label><ul id=\"wpforms-1938-field_12\" class=\"wpforms-field-required\"><li class=\"choice-1 depth-1\"><input type=\"checkbox\" id=\"wpforms-1938-field_12_1\" name=\"wpforms[fields][12][]\" value=\"N\u00e3o houve nenhuma altera\u00e7\u00e3o\" required ><label class=\"wpforms-field-label-inline\" for=\"wpforms-1938-field_12_1\">N\u00e3o houve nenhuma altera\u00e7\u00e3o<\/label><\/li><li class=\"choice-2 depth-1\"><input type=\"checkbox\" id=\"wpforms-1938-field_12_2\" name=\"wpforms[fields][12][]\" value=\"Me casei\" required ><label class=\"wpforms-field-label-inline\" for=\"wpforms-1938-field_12_2\">Me casei<\/label><\/li><li class=\"choice-3 depth-1\"><input type=\"checkbox\" id=\"wpforms-1938-field_12_3\" name=\"wpforms[fields][12][]\" value=\"Me divorciei\" required ><label class=\"wpforms-field-label-inline\" for=\"wpforms-1938-field_12_3\">Me divorciei<\/label><\/li><li class=\"choice-4 depth-1\"><input type=\"checkbox\" id=\"wpforms-1938-field_12_4\" name=\"wpforms[fields][12][]\" value=\"Tive filhos\" required ><label class=\"wpforms-field-label-inline\" for=\"wpforms-1938-field_12_4\">Tive filhos<\/label><\/li><\/ul><\/div><div id=\"wpforms-1938-field_5-container\" class=\"wpforms-field wpforms-field-text\" data-field-id=\"5\"><label class=\"wpforms-field-label\" for=\"wpforms-1938-field_5\">Quantidade de Filhos Menores de 18 anos que ainda n\u00e3o pedi a Cidadania Italiana para eles<\/label><input type=\"text\" id=\"wpforms-1938-field_5\" class=\"wpforms-field-medium\" name=\"wpforms[fields][5]\" ><\/div><div id=\"wpforms-1938-field_9-container\" class=\"wpforms-field wpforms-field-text\" data-field-id=\"9\"><label class=\"wpforms-field-label\" for=\"wpforms-1938-field_9\">Qual Comune Italiana (cidade) voc\u00ea tem a cidadania registrada <span class=\"wpforms-required-label\">*<\/span><\/label><input type=\"text\" id=\"wpforms-1938-field_9\" class=\"wpforms-field-medium wpforms-field-required\" name=\"wpforms[fields][9]\" required><\/div><div id=\"wpforms-1938-field_10-container\" class=\"wpforms-field wpforms-field-text\" data-field-id=\"10\"><label class=\"wpforms-field-label\" for=\"wpforms-1938-field_10\">Qual a sua Profiss\u00e3o? <span class=\"wpforms-required-label\">*<\/span><\/label><input type=\"text\" id=\"wpforms-1938-field_10\" class=\"wpforms-field-medium wpforms-field-required\" name=\"wpforms[fields][10]\" required><\/div><div id=\"wpforms-1938-field_11-container\" class=\"wpforms-field wpforms-field-radio\" data-field-id=\"11\"><label class=\"wpforms-field-label\" for=\"wpforms-1938-field_11\">Qual seu grau de Forma\u00e7\u00e3o? <span class=\"wpforms-required-label\">*<\/span><\/label><ul id=\"wpforms-1938-field_11\" class=\"wpforms-field-required\"><li class=\"choice-1 depth-1\"><input type=\"radio\" id=\"wpforms-1938-field_11_1\" name=\"wpforms[fields][11]\" value=\"1\u00ba Grau\" required ><label class=\"wpforms-field-label-inline\" for=\"wpforms-1938-field_11_1\">1\u00ba Grau<\/label><\/li><li class=\"choice-2 depth-1\"><input type=\"radio\" id=\"wpforms-1938-field_11_2\" name=\"wpforms[fields][11]\" value=\"2\u00ba Grau\" required ><label class=\"wpforms-field-label-inline\" for=\"wpforms-1938-field_11_2\">2\u00ba Grau<\/label><\/li><li class=\"choice-3 depth-1\"><input type=\"radio\" id=\"wpforms-1938-field_11_3\" name=\"wpforms[fields][11]\" value=\"Gradu\u00e7\u00e3o\" required ><label class=\"wpforms-field-label-inline\" for=\"wpforms-1938-field_11_3\">Gradu\u00e7\u00e3o<\/label><\/li><li class=\"choice-4 depth-1\"><input type=\"radio\" id=\"wpforms-1938-field_11_4\" name=\"wpforms[fields][11]\" value=\"P\u00f3s Gradu\u00e7\u00e3o\/Mestrado\/Doutorado\" required ><label class=\"wpforms-field-label-inline\" for=\"wpforms-1938-field_11_4\">P\u00f3s Gradu\u00e7\u00e3o\/Mestrado\/Doutorado<\/label><\/li><\/ul><\/div><div id=\"wpforms-1938-field_7-container\" class=\"wpforms-field wpforms-field-file-upload\" data-field-id=\"7\"><label class=\"wpforms-field-label\" for=\"wpforms-1938-field_7\">Fazer o Upload de um documento de identidade<\/label><div\n\t\tclass=\"wpforms-uploader\"\n\t\tdata-field-id=\"7\"\n\t\tdata-form-id=\"1938\"\n\t\tdata-input-name=\"wpforms_1938_7\"\n\t\tdata-extensions=\"jpg,jpeg,jpe,gif,png,bmp,tiff,tif,webp,avif,ico,heic,heif,heics,heifs,asf,asx,wmv,wmx,wm,avi,divx,mov,qt,mpeg,mpg,mpe,mp4,m4v,ogv,webm,mkv,3gp,3gpp,3g2,3gp2,txt,asc,c,cc,h,srt,csv,tsv,ics,rtx,css,vtt,mp3,m4a,m4b,aac,ra,ram,wav,x-wav,ogg,oga,flac,mid,midi,wma,wax,mka,rtf,pdf,class,tar,zip,gz,gzip,rar,7z,psd,xcf,doc,pot,pps,ppt,wri,xla,xls,xlt,xlw,mpp,docx,docm,dotx,dotm,xlsx,xlsm,xlsb,xltx,xltm,xlam,pptx,pptm,ppsx,ppsm,potx,potm,ppam,sldx,sldm,onetoc,onetoc2,onepkg,oxps,xps,odt,odp,ods,odg,odc,odb,odf,wp,wpd,key,numbers,pages,svg\"\n\t\tdata-max-size=\"134217728\"\n\t\tdata-max-file-number=\"1\"\n\t\tdata-post-max-size=\"134217728\"\n\t\tdata-max-parallel-uploads=\"4\"\n\t\tdata-parallel-uploads=\"true\"\n\t\tdata-file-chunk-size=\"2097152\">\n\t<div class=\"dz-message\">\n\t\t<svg viewBox=\"0 0 1024 1024\" focusable=\"false\" data-icon=\"inbox\" width=\"50px\" height=\"50px\" fill=\"currentColor\" aria-hidden=\"true\">\n\t\t\t<path d=\"M885.2 446.3l-.2-.8-112.2-285.1c-5-16.1-19.9-27.2-36.8-27.2H281.2c-17 0-32.1 11.3-36.9 27.6L139.4 443l-.3.7-.2.8c-1.3 4.9-1.7 9.9-1 14.8-.1 1.6-.2 3.2-.2 4.8V830a60.9 60.9 0 0 0 60.8 60.8h627.2c33.5 0 60.8-27.3 60.9-60.8V464.1c0-1.3 0-2.6-.1-3.7.4-4.9 0-9.6-1.3-14.1zm-295.8-43l-.3 15.7c-.8 44.9-31.8 75.1-77.1 75.1-22.1 0-41.1-7.1-54.8-20.6S436 441.2 435.6 419l-.3-15.7H229.5L309 210h399.2l81.7 193.3H589.4zm-375 76.8h157.3c24.3 57.1 76 90.8 140.4 90.8 33.7 0 65-9.4 90.3-27.2 22.2-15.6 39.5-37.4 50.7-63.6h156.5V814H214.4V480.1z\"><\/path>\n\t\t<\/svg>\n\t\t<span class=\"modern-title\">Clique ou arraste um arquivo para esta \u00e1rea para fazer upload.<\/span>\n\n\t\t\t<\/div>\n<\/div>\n<input\n\t\ttype=\"text\"\n\t\tautocomplete=\"off\"\n\t\treadonly\n\t\tclass=\"dropzone-input\"\n\t\tstyle=\"position:absolute!important;clip:rect(0,0,0,0)!important;height:1px!important;width:1px!important;border:0!important;overflow:hidden!important;padding:0!important;margin:0!important;\"\n\t\tid=\"wpforms-1938-field_7\"\n\t\tname=\"wpforms_1938_7\" \t\tvalue=\"\">\n<\/div><div id=\"wpforms-1938-field_8-container\" class=\"wpforms-field wpforms-field-file-upload\" data-field-id=\"8\"><label class=\"wpforms-field-label\" for=\"wpforms-1938-field_8\">Fazer o Upload de um comprovante de endere\u00e7o recente<\/label><div\n\t\tclass=\"wpforms-uploader\"\n\t\tdata-field-id=\"8\"\n\t\tdata-form-id=\"1938\"\n\t\tdata-input-name=\"wpforms_1938_8\"\n\t\tdata-extensions=\"jpg,jpeg,jpe,gif,png,bmp,tiff,tif,webp,avif,ico,heic,heif,heics,heifs,asf,asx,wmv,wmx,wm,avi,divx,mov,qt,mpeg,mpg,mpe,mp4,m4v,ogv,webm,mkv,3gp,3gpp,3g2,3gp2,txt,asc,c,cc,h,srt,csv,tsv,ics,rtx,css,vtt,mp3,m4a,m4b,aac,ra,ram,wav,x-wav,ogg,oga,flac,mid,midi,wma,wax,mka,rtf,pdf,class,tar,zip,gz,gzip,rar,7z,psd,xcf,doc,pot,pps,ppt,wri,xla,xls,xlt,xlw,mpp,docx,docm,dotx,dotm,xlsx,xlsm,xlsb,xltx,xltm,xlam,pptx,pptm,ppsx,ppsm,potx,potm,ppam,sldx,sldm,onetoc,onetoc2,onepkg,oxps,xps,odt,odp,ods,odg,odc,odb,odf,wp,wpd,key,numbers,pages,svg\"\n\t\tdata-max-size=\"134217728\"\n\t\tdata-max-file-number=\"1\"\n\t\tdata-post-max-size=\"134217728\"\n\t\tdata-max-parallel-uploads=\"4\"\n\t\tdata-parallel-uploads=\"true\"\n\t\tdata-file-chunk-size=\"2097152\">\n\t<div class=\"dz-message\">\n\t\t<svg viewBox=\"0 0 1024 1024\" focusable=\"false\" data-icon=\"inbox\" width=\"50px\" height=\"50px\" fill=\"currentColor\" aria-hidden=\"true\">\n\t\t\t<path d=\"M885.2 446.3l-.2-.8-112.2-285.1c-5-16.1-19.9-27.2-36.8-27.2H281.2c-17 0-32.1 11.3-36.9 27.6L139.4 443l-.3.7-.2.8c-1.3 4.9-1.7 9.9-1 14.8-.1 1.6-.2 3.2-.2 4.8V830a60.9 60.9 0 0 0 60.8 60.8h627.2c33.5 0 60.8-27.3 60.9-60.8V464.1c0-1.3 0-2.6-.1-3.7.4-4.9 0-9.6-1.3-14.1zm-295.8-43l-.3 15.7c-.8 44.9-31.8 75.1-77.1 75.1-22.1 0-41.1-7.1-54.8-20.6S436 441.2 435.6 419l-.3-15.7H229.5L309 210h399.2l81.7 193.3H589.4zm-375 76.8h157.3c24.3 57.1 76 90.8 140.4 90.8 33.7 0 65-9.4 90.3-27.2 22.2-15.6 39.5-37.4 50.7-63.6h156.5V814H214.4V480.1z\"><\/path>\n\t\t<\/svg>\n\t\t<span class=\"modern-title\">Clique ou arraste um arquivo para esta \u00e1rea para fazer upload.<\/span>\n\n\t\t\t<\/div>\n<\/div>\n<input\n\t\ttype=\"text\"\n\t\tautocomplete=\"off\"\n\t\treadonly\n\t\tclass=\"dropzone-input\"\n\t\tstyle=\"position:absolute!important;clip:rect(0,0,0,0)!important;height:1px!important;width:1px!important;border:0!important;overflow:hidden!important;padding:0!important;margin:0!important;\"\n\t\tid=\"wpforms-1938-field_8\"\n\t\tname=\"wpforms_1938_8\" \t\tvalue=\"\">\n<\/div><\/div><!-- .wpforms-field-container --><div class=\"wpforms-submit-container\" ><input type=\"hidden\" name=\"wpforms[id]\" value=\"1938\"><input type=\"hidden\" name=\"page_title\" value=\"\"><input type=\"hidden\" name=\"page_url\" value=\"https:\/\/cartorioitaliano.it\/br\/wp-json\/wp\/v2\/pages\/33\"><button type=\"submit\" name=\"wpforms[submit]\" id=\"wpforms-submit-1938\" class=\"wpforms-submit\" data-alt-text=\"Enviando\u2026\" data-submit-text=\"Enviar\" aria-live=\"assertive\" value=\"wpforms-submit\">Enviar<\/button><img decoding=\"async\" src=\"https:\/\/cartorioitaliano.it\/br\/wp-content\/plugins\/wpforms\/assets\/images\/submit-spin.svg\" class=\"wpforms-submit-spinner\" style=\"display: none;\" width=\"26\" height=\"26\" alt=\"Carregando\" title=\"\"><\/div><\/form><\/div>  <!-- .wpforms-container -->\t\t\t\t<\/div>\n\t\t\t\t<\/div>\n\t\t\t\t\t<\/div>\n\t\t<\/div>\n\t\t\t\t\t<\/div>\n\t\t<\/section>\n\t\t\t\t<\/div>\n\t\t","protected":false},"excerpt":{"rendered":"<p>Cadastro no Consulado da It\u00e1lia &#8211; AIRE Decreto italiano de 28\/03\/2025 O Ministro do exterior Italiano, em 28\/03\/2025, fez um comunicado informando um decreto que impacta diretamente o pedido da cidadania italiana para Bisnetos, trisnetos e tataranetos de Italianos. VIDEO<\/p>\n","protected":false},"author":1,"featured_media":0,"parent":0,"menu_order":0,"comment_status":"closed","ping_status":"closed","template":"","meta":{"_joinchat":[],"footnotes":""},"class_list":["post-33","page","type-page","status-publish","hentry"],"_links":{"self":[{"href":"https:\/\/cartorioitaliano.it\/br\/wp-json\/wp\/v2\/pages\/33","targetHints":{"allow":["GET"]}}],"collection":[{"href":"https:\/\/cartorioitaliano.it\/br\/wp-json\/wp\/v2\/pages"}],"about":[{"href":"https:\/\/cartorioitaliano.it\/br\/wp-json\/wp\/v2\/types\/page"}],"author":[{"embeddable":true,"href":"https:\/\/cartorioitaliano.it\/br\/wp-json\/wp\/v2\/users\/1"}],"replies":[{"embeddable":true,"href":"https:\/\/cartorioitaliano.it\/br\/wp-json\/wp\/v2\/comments?post=33"}],"version-history":[{"count":40,"href":"https:\/\/cartorioitaliano.it\/br\/wp-json\/wp\/v2\/pages\/33\/revisions"}],"predecessor-version":[{"id":2009,"href":"https:\/\/cartorioitaliano.it\/br\/wp-json\/wp\/v2\/pages\/33\/revisions\/2009"}],"wp:attachment":[{"href":"https:\/\/cartorioitaliano.it\/br\/wp-json\/wp\/v2\/media?parent=33"}],"curies":[{"name":"wp","href":"https:\/\/api.w.org\/{rel}","templated":true}]}}